{"id":1735,"date":"2021-12-29T10:43:59","date_gmt":"2021-12-29T09:43:59","guid":{"rendered":"https:\/\/www.ensemblecastor.com\/?page_id=1735"},"modified":"2024-12-25T10:37:08","modified_gmt":"2024-12-25T09:37:08","slug":"arsconcordia","status":"publish","type":"page","link":"https:\/\/www.ensemblecastor.com\/en\/arsconcordia\/","title":{"rendered":"Ars Concordia"},"content":{"rendered":"<p class=\"qtranxs-available-languages-message qtranxs-available-languages-message-en\">Sorry, this entry is only available in <a href=\"https:\/\/www.ensemblecastor.com\/de\/wp-json\/wp\/v2\/pages\/1735\" class=\"qtranxs-available-language-link qtranxs-available-language-link-de\" title=\"Deutsch\">Deutsch<\/a>.<\/p><div id=\"fb-root\"><\/div>\n\n<div style=\"background-color: #c30046; padding: 2em 2em 0.5em; text-align: center;\">\n<div class=\"su-spacer\" style=\"height:10px\"><\/div>\n<h4 style=\"color: black!important; margin-bottom: 20px;\"><strong>\u00c0 LA CHASSE<\/strong><\/h4>\n<p><span style=\"font-size: 18px;\">Festival f\u00fcr Barock und Literatur 2024<\/span><br \/>\n<div class=\"su-spacer\" style=\"height:50px\"><\/div>\n<\/div>\n<div class=\"video-background-container\"><video id=\"background-video\" autoplay=\"autoplay\" loop=\"loop\" muted=\"\" width=\"300\" height=\"150\"><source src=\"https:\/\/www.ensemblecastor.com\/wp-content\/uploads\/2024\/07\/AC2024_teaser.mp4\" type=\"video\/mp4\" \/>Ihr Browser unterst\u00fctzt keine HTML5-Videos.<\/video><\/p>\n<div class=\"overlay\" style=\"padding-left: 5px; padding-right: 5px;\">\n<h2 style=\"margin-bottom: 10px;\">10. &#8211; 13. OKTOBER 2024<\/h2>\n<h2 style=\"margin-bottom: 10px;\">SCHLOSS BERNAU<\/h2>\n<p>Fischlham, Ober\u00f6sterreich, Austria<\/p>\n<\/div>\n<\/div>\n<div class=\"rescue-box black none  rescue-all\" style=\"text-align:center; width:100;\"> \n<div class=\"su-spacer\" style=\"height:50px\"><\/div>\n<h4 style=\"margin-bottom: 0.5em;text-align: center\"><strong><span style=\"background-color: #c30046;color: #ffffff;line-height: 1em;box-shadow: 0.5rem 0px 0px #c30046, -0.5rem 0px 0px #c30046\">Konzerte mit internationalen Ensembles und Solisten<\/span><\/strong><\/h4>\n<h4 style=\"margin-bottom: 0.5em;text-align: center\"><strong><span style=\"background-color: #c30046;color: #ffffff;line-height: 1em;box-shadow: 0.5rem 0px 0px #c30046, -0.5rem 0px 0px #c30046\">Meisterklassen f\u00fcr alte Musik<\/span><\/strong><\/h4>\n<div class=\"su-spacer\" style=\"height:30px\"><\/div>\n<\/div>\n<div style=\"background-color: #c30046; padding: 2em 2em 0.5em 2em;\"><div class=\"su-row\"><div class=\"su-column su-column-size-1-3\"><div class=\"su-column-inner su-u-clearfix su-u-trim\">\n<a href=\"https:\/\/www.philipp-blom.eu\/\" target=\"_blank\" rel=\"noopener\"><img loading=\"lazy\" decoding=\"async\" class=\"wp-image-2464 size-medium aligncenter\" src=\"https:\/\/www.ensemblecastor.com\/wp-content\/uploads\/2024\/07\/Philipp-Blom_web-300x300.jpg\" alt=\"\" width=\"300\" height=\"300\" srcset=\"https:\/\/www.ensemblecastor.com\/wp-content\/uploads\/2024\/07\/Philipp-Blom_web-300x300.jpg 300w, https:\/\/www.ensemblecastor.com\/wp-content\/uploads\/2024\/07\/Philipp-Blom_web-1024x1024.jpg 1024w, https:\/\/www.ensemblecastor.com\/wp-content\/uploads\/2024\/07\/Philipp-Blom_web-150x150.jpg 150w, https:\/\/www.ensemblecastor.com\/wp-content\/uploads\/2024\/07\/Philipp-Blom_web-768x768.jpg 768w, https:\/\/www.ensemblecastor.com\/wp-content\/uploads\/2024\/07\/Philipp-Blom_web-500x500.jpg 500w, https:\/\/www.ensemblecastor.com\/wp-content\/uploads\/2024\/07\/Philipp-Blom_web-800x800.jpg 800w, https:\/\/www.ensemblecastor.com\/wp-content\/uploads\/2024\/07\/Philipp-Blom_web-365x365.jpg 365w, https:\/\/www.ensemblecastor.com\/wp-content\/uploads\/2024\/07\/Philipp-Blom_web.jpg 1100w\" sizes=\"auto, (max-width: 300px) 100vw, 300px\" \/><\/a><\/p>\n<h6 style=\"text-align: center; margin-bottom: 0;\"><span style=\"color: #ffffff;\"><a style=\"color: #ffffff;\" href=\"https:\/\/www.philipp-blom.eu\/\" target=\"_blank\" rel=\"noopener\">Philipp Blom<\/a><\/span><\/h6>\n<p style=\"text-align: center;\"><span style=\"font-size: 12px; color: #ffffff;\">Foto: \u00a9 Peter Rigaud<\/span><\/p>\n<\/div><\/div>\n<div class=\"su-column su-column-size-1-3\"><div class=\"su-column-inner su-u-clearfix su-u-trim\">\n<a href=\"https:\/\/www.dorotheeoberlinger.de\/\" target=\"_blank\" rel=\"noopener\"><img loading=\"lazy\" decoding=\"async\" class=\"wp-image-2466 size-medium aligncenter\" src=\"https:\/\/www.ensemblecastor.com\/wp-content\/uploads\/2024\/07\/Dorothee-Oberlinger_web-300x300.jpg\" alt=\"\" width=\"300\" height=\"300\" srcset=\"https:\/\/www.ensemblecastor.com\/wp-content\/uploads\/2024\/07\/Dorothee-Oberlinger_web-300x300.jpg 300w, https:\/\/www.ensemblecastor.com\/wp-content\/uploads\/2024\/07\/Dorothee-Oberlinger_web-150x150.jpg 150w, https:\/\/www.ensemblecastor.com\/wp-content\/uploads\/2024\/07\/Dorothee-Oberlinger_web-768x768.jpg 768w, https:\/\/www.ensemblecastor.com\/wp-content\/uploads\/2024\/07\/Dorothee-Oberlinger_web-500x500.jpg 500w, https:\/\/www.ensemblecastor.com\/wp-content\/uploads\/2024\/07\/Dorothee-Oberlinger_web-800x800.jpg 800w, https:\/\/www.ensemblecastor.com\/wp-content\/uploads\/2024\/07\/Dorothee-Oberlinger_web-365x365.jpg 365w, https:\/\/www.ensemblecastor.com\/wp-content\/uploads\/2024\/07\/Dorothee-Oberlinger_web.jpg 1000w\" sizes=\"auto, (max-width: 300px) 100vw, 300px\" \/><\/a><\/p>\n<h6 style=\"text-align: center; margin-bottom: 0;\"><span style=\"color: #ffffff;\"><a style=\"color: #ffffff;\" href=\"https:\/\/www.dorotheeoberlinger.de\/\" target=\"_blank\" rel=\"noopener\">Dorothee Oberlinger<\/a><\/span><\/h6>\n<p style=\"text-align: center;\"><span style=\"font-size: 12px; color: #ffffff;\">Foto: \u00a9 Henning Ross<\/span><\/p>\n<\/div><\/div>\n<div class=\"su-column su-column-size-1-3\"><div class=\"su-column-inner su-u-clearfix su-u-trim\">\n<a href=\"https:\/\/www.leykamverlag.at\/autorenportait\/solmaz-khorsand\/\" target=\"_blank\" rel=\"noopener\"><img loading=\"lazy\" decoding=\"async\" class=\"wp-image-2465 size-medium aligncenter\" src=\"https:\/\/www.ensemblecastor.com\/wp-content\/uploads\/2024\/07\/Solmaz-Khorsand_c_Luiza-Puiu_web-300x300.jpg\" alt=\"\" width=\"300\" height=\"300\" srcset=\"https:\/\/www.ensemblecastor.com\/wp-content\/uploads\/2024\/07\/Solmaz-Khorsand_c_Luiza-Puiu_web-300x300.jpg 300w, https:\/\/www.ensemblecastor.com\/wp-content\/uploads\/2024\/07\/Solmaz-Khorsand_c_Luiza-Puiu_web-150x150.jpg 150w, https:\/\/www.ensemblecastor.com\/wp-content\/uploads\/2024\/07\/Solmaz-Khorsand_c_Luiza-Puiu_web-768x768.jpg 768w, https:\/\/www.ensemblecastor.com\/wp-content\/uploads\/2024\/07\/Solmaz-Khorsand_c_Luiza-Puiu_web-500x500.jpg 500w, https:\/\/www.ensemblecastor.com\/wp-content\/uploads\/2024\/07\/Solmaz-Khorsand_c_Luiza-Puiu_web-800x800.jpg 800w, https:\/\/www.ensemblecastor.com\/wp-content\/uploads\/2024\/07\/Solmaz-Khorsand_c_Luiza-Puiu_web-365x365.jpg 365w, https:\/\/www.ensemblecastor.com\/wp-content\/uploads\/2024\/07\/Solmaz-Khorsand_c_Luiza-Puiu_web.jpg 911w\" sizes=\"auto, (max-width: 300px) 100vw, 300px\" \/><\/a><\/p>\n<h6 style=\"text-align: center; margin-bottom: 0;\"><span style=\"color: #ffffff;\"><a style=\"color: #ffffff;\" href=\"https:\/\/www.leykamverlag.at\/autorenportait\/solmaz-khorsand\/\" target=\"_blank\" rel=\"noopener\">Solmaz Khorsand<\/a><\/span><\/h6>\n<p style=\"text-align: center;\"><span style=\"font-size: 12px; color: #ffffff;\">Foto: \u00a9 Luiza Puiu<\/span><\/p>\n<\/div><\/div>\n<\/div>\n<\/div>\n<div class=\"rescue-box black none  rescue-all\" style=\"text-align:center; width:100;\"> \n<h2 style=\"margin-top: 2em;margin-bottom: 1em\"><span style=\"color: #c30046\"><strong>KONZERTE<\/strong><\/span><\/h2>\n<p><span style=\"font-size: 24pt\"><em>\u201eDER HERBST\u201c<\/em><\/span><br \/>\n<span style=\"font-size: 14pt\"><strong>Freitag, 11. Oktober, 19.00 Uhr<\/strong><\/span><\/p>\n<p><span style=\"font-size: 14pt\"><strong>Philipp Blom, <\/strong>Er\u00f6ffnungsrede<\/span><\/p>\n<p><span style=\"font-size: 14pt\"><strong>Dorothee Oberlinger<\/strong>, Blockfl\u00f6te<strong><br \/>\n<\/strong><strong>Ensemble Castor<\/strong><\/span><\/p>\n<p>&nbsp;<\/p>\n<p><span style=\"font-size: 24pt\"><em>\u201eDIE JAGD\u201c<\/em><\/span><br \/>\n<span style=\"font-size: 14pt\"><strong>Samstag, 12. Oktober, 19.00 Uhr<br \/>\n<\/strong><\/span><\/p>\n<p><span style=\"font-size: 14pt\"><strong>Emma Black<\/strong>, Oboe<\/span><br \/>\n<span style=\"font-size: 14pt\"><strong>Stephan Katte<\/strong>, Naturhorn<\/span><br \/>\n<span style=\"font-size: 14pt\"><strong>Julian Zimmermann<\/strong>, Naturtrompete<\/span><br \/>\n<span style=\"font-size: 14pt\"><strong>Dozenten und Studierende der Meisterklassen<\/strong><\/span><br \/>\n<span style=\"font-size: 14pt\"><strong>Ensemble Castor<\/strong><\/span><\/p>\n<p>&nbsp;<\/p>\n<p><span style=\"font-size: 24pt\"><em>\u201eTAFELMUSIK\u201c<\/em><\/span><br \/>\n<span style=\"font-size: 14pt\"><strong>Sonntag, 13. Oktober, 11.00 Uhr<\/strong><\/span><\/p>\n<p><span style=\"font-size: 14pt\"><strong>Solmaz Khorsand, <\/strong>Lesung<\/span><\/p>\n<p><span style=\"font-size: 14pt\"><strong>Emma Black<\/strong>, Oboe<\/span><br \/>\n<span style=\"font-size: 14pt\"><strong>Dozenten und Studenten der Meisterklassen<br \/>\nEnsemble Castor<\/strong><\/span><\/p>\n<p>&nbsp;<\/p>\n<h2 style=\"margin-top: 1em;margin-bottom: 1em\"><span style=\"color: #c30046\"><strong>MEISTERKLASSEN<\/strong><\/span><\/h2>\n<p><span style=\"font-size: 14pt\"><span style=\"font-size: 12pt\"><strong>Donnerstag, 10. &#8211; <\/strong><\/span><strong><span style=\"font-size: 12pt\">Freitag, 11. Oktober<\/span><br \/>\n<\/strong><strong>Dorothee Oberlinger<\/strong> &#8211; Blockfl\u00f6te<\/span><\/p>\n<p><span style=\"font-size: 14pt\"><span style=\"font-size: 12pt\"><strong>Donnerstag, 10. &#8211; <\/strong><\/span><strong><span style=\"font-size: 12pt\">Sonntag, 13. Oktober<\/span><br \/>\n<\/strong><strong>Julian Zimmermann<\/strong> &#8211; Naturtrompete<\/span><br \/>\n<span style=\"font-size: 14pt\"><strong>Stephan Katte<\/strong> &#8211; Naturhorn<\/span><br \/>\n<span style=\"font-size: 14pt\"><strong>Bernhard Rainer<\/strong> &#8211; Posaune<\/span><\/p>\n<div class=\"su-spacer\" style=\"height:20px\"><\/div>\n<\/div>\n<div><hr class=\"rescue-spacing \" style=\"height: 40px\" \/><\/div>\n<div>\n<h4 style=\"margin-bottom: 0.5em; text-align: center;\"><strong><span style=\"background-color: #c30046; color: #ffffff; line-height: 1em; -webkit-box-shadow: 0.5rem 0px 0px #c30046, -0.5rem 0px 0px #c30046; box-shadow: 0.5rem 0px 0px #c30046, -0.5rem 0px 0px #c30046;\">Mit freundlicher Unterst\u00fctzung von<\/span><\/strong><\/h4>\n<div>\n<hr class=\"rescue-spacing \" style=\"height: 40px\" \/>\n<\/div>\n<p><a href=\"https:\/\/www.literaturschiff.at\/\" target=\"_blank\" rel=\"noopener\"><img loading=\"lazy\" decoding=\"async\" class=\"aligncenter wp-image-2486\" src=\"https:\/\/www.ensemblecastor.com\/wp-content\/uploads\/2024\/07\/LiteraturSchiff_Sub_Logo_LS-300x100.jpg\" alt=\"\" width=\"331\" height=\"119\" \/><\/a><\/p>\n<p>&nbsp;<\/p>\n<hr class=\"rescue-spacing \" style=\"height: 20px\" \/>\n<p><a href=\"https:\/\/www.land-oberoesterreich.gv.at\/kultur.htm\" target=\"_blank\" rel=\"noopener\"><img loading=\"lazy\" decoding=\"async\" class=\"aligncenter wp-image-2467\" src=\"https:\/\/www.ensemblecastor.com\/wp-content\/uploads\/2024\/07\/oberoesterreich-tourismus-gmbh-logo-vector.svg\" alt=\"\" width=\"181\" height=\"171\" \/><\/a><\/p>\n<\/div>\n<p>&nbsp;<\/p>\n<p>&nbsp;","protected":false},"excerpt":{"rendered":"<p>Sorry, this entry is only available in Deutsch. \u00c0 LA CHASSE Festival f\u00fcr Barock und Literatur 2024 Ihr Browser unterst\u00fctzt keine HTML5-Videos. 10. &#8211; 13. OKTOBER 2024 SCHLOSS BERNAU Fischlham, Ober\u00f6sterreich, Austria Mit freundlicher Unterst\u00fctzung von &nbsp; &nbsp; &nbsp;<\/p>\n","protected":false},"author":1,"featured_media":2503,"parent":0,"menu_order":0,"comment_status":"closed","ping_status":"closed","template":"template-arsconcordia-2024.php","meta":{"_acf_changed":false,"inline_featured_image":false,"footnotes":""},"class_list":["post-1735","page","type-page","status-publish","has-post-thumbnail","hentry"],"acf":[],"yoast_head":"<!-- This site is optimized with the Yoast SEO plugin v27.3 - https:\/\/yoast.com\/product\/yoast-seo-wordpress\/ -->\n<title>Ars Concordia - Ensemble Castor<\/title>\n<meta name=\"description\" content=\"Ars Concordia - das neue Festival f\u00fcr Barock und Literatur. Konzerte mit internationalen Musikern. Meisterklassen f\u00fcr alte Musik.\" \/>\n<meta name=\"robots\" content=\"index, follow, max-snippet:-1, max-image-preview:large, max-video-preview:-1\" \/>\n<link rel=\"canonical\" href=\"https:\/\/www.ensemblecastor.com\/en\/arsconcordia\/\" \/>\n<meta property=\"og:locale\" content=\"en_US\" \/>\n<meta property=\"og:type\" content=\"article\" \/>\n<meta property=\"og:title\" content=\"Ars Concordia - Ensemble Castor\" \/>\n<meta property=\"og:description\" content=\"Ars Concordia - das neue Festival f\u00fcr Barock und Literatur. Konzerte mit internationalen Musikern. Meisterklassen f\u00fcr alte Musik.\" \/>\n<meta property=\"og:url\" content=\"https:\/\/www.ensemblecastor.com\/en\/arsconcordia\/\" \/>\n<meta property=\"og:site_name\" content=\"Ensemble Castor\" \/>\n<meta property=\"article:modified_time\" content=\"2024-12-25T09:37:08+00:00\" \/>\n<meta name=\"twitter:card\" content=\"summary_large_image\" \/>\n<meta name=\"twitter:label1\" content=\"Est. reading time\" \/>\n\t<meta name=\"twitter:data1\" content=\"3 minutes\" \/>\n<script type=\"application\/ld+json\" class=\"yoast-schema-graph\">{\"@context\":\"https:\\\/\\\/schema.org\",\"@graph\":[{\"@type\":\"WebPage\",\"@id\":\"https:\\\/\\\/www.ensemblecastor.com\\\/en\\\/arsconcordia\\\/\",\"url\":\"https:\\\/\\\/www.ensemblecastor.com\\\/en\\\/arsconcordia\\\/\",\"name\":\"Ars Concordia - Ensemble Castor\",\"isPartOf\":{\"@id\":\"https:\\\/\\\/www.ensemblecastor.com\\\/en\\\/#website\"},\"primaryImageOfPage\":{\"@id\":\"https:\\\/\\\/www.ensemblecastor.com\\\/en\\\/arsconcordia\\\/#primaryimage\"},\"image\":{\"@id\":\"https:\\\/\\\/www.ensemblecastor.com\\\/arsconcordia\\\/#primaryimage\"},\"thumbnailUrl\":\"https:\\\/\\\/www.ensemblecastor.com\\\/wp-content\\\/uploads\\\/2024\\\/07\\\/arsConcordia_logo_whiteMargine_RGB.svg\",\"datePublished\":\"2021-12-29T09:43:59+00:00\",\"dateModified\":\"2024-12-25T09:37:08+00:00\",\"description\":\"Ars Concordia - das neue Festival f\u00fcr Barock und Literatur. Konzerte mit internationalen Musikern. Meisterklassen f\u00fcr alte Musik.\",\"breadcrumb\":{\"@id\":\"https:\\\/\\\/www.ensemblecastor.com\\\/en\\\/arsconcordia\\\/#breadcrumb\"},\"inLanguage\":\"en-US\",\"potentialAction\":[{\"@type\":\"ReadAction\",\"target\":[[\"https:\\\/\\\/www.ensemblecastor.com\\\/en\\\/arsconcordia\\\/\"]]}]},{\"@type\":\"ImageObject\",\"inLanguage\":\"en-US\",\"@id\":\"https:\\\/\\\/www.ensemblecastor.com\\\/en\\\/arsconcordia\\\/#primaryimage\",\"url\":\"https:\\\/\\\/www.ensemblecastor.com\\\/wp-content\\\/uploads\\\/2024\\\/07\\\/arsConcordia_logo_whiteMargine_RGB.svg\",\"contentUrl\":\"https:\\\/\\\/www.ensemblecastor.com\\\/wp-content\\\/uploads\\\/2024\\\/07\\\/arsConcordia_logo_whiteMargine_RGB.svg\"},{\"@type\":\"BreadcrumbList\",\"@id\":\"https:\\\/\\\/www.ensemblecastor.com\\\/en\\\/arsconcordia\\\/#breadcrumb\",\"itemListElement\":[{\"@type\":\"ListItem\",\"position\":1,\"name\":\"Startseite\",\"item\":\"https:\\\/\\\/www.ensemblecastor.com\\\/en\\\/\"},{\"@type\":\"ListItem\",\"position\":2,\"name\":\"Ars Concordia\"}]},{\"@type\":\"WebSite\",\"@id\":\"https:\\\/\\\/www.ensemblecastor.com\\\/en\\\/#website\",\"url\":\"https:\\\/\\\/www.ensemblecastor.com\\\/en\\\/\",\"name\":\"Ensemble Castor\",\"description\":\"\",\"potentialAction\":[{\"@type\":\"SearchAction\",\"target\":{\"@type\":\"EntryPoint\",\"urlTemplate\":\"https:\\\/\\\/www.ensemblecastor.com\\\/en\\\/?s={search_term_string}\"},\"query-input\":{\"@type\":\"PropertyValueSpecification\",\"valueRequired\":true,\"valueName\":\"search_term_string\"}}],\"inLanguage\":\"en-US\"}]}<\/script>\n<!-- \/ Yoast SEO plugin. -->","yoast_head_json":{"title":"Ars Concordia - Ensemble Castor","description":"Ars Concordia - das neue Festival f\u00fcr Barock und Literatur. Konzerte mit internationalen Musikern. Meisterklassen f\u00fcr alte Musik.","robots":{"index":"index","follow":"follow","max-snippet":"max-snippet:-1","max-image-preview":"max-image-preview:large","max-video-preview":"max-video-preview:-1"},"canonical":"https:\/\/www.ensemblecastor.com\/en\/arsconcordia\/","og_locale":"en_US","og_type":"article","og_title":"Ars Concordia - Ensemble Castor","og_description":"Ars Concordia - das neue Festival f\u00fcr Barock und Literatur. Konzerte mit internationalen Musikern. Meisterklassen f\u00fcr alte Musik.","og_url":"https:\/\/www.ensemblecastor.com\/en\/arsconcordia\/","og_site_name":"Ensemble Castor","article_modified_time":"2024-12-25T09:37:08+00:00","twitter_card":"summary_large_image","twitter_misc":{"Est. reading time":"3 minutes"},"schema":{"@context":"https:\/\/schema.org","@graph":[{"@type":"WebPage","@id":"https:\/\/www.ensemblecastor.com\/en\/arsconcordia\/","url":"https:\/\/www.ensemblecastor.com\/en\/arsconcordia\/","name":"Ars Concordia - Ensemble Castor","isPartOf":{"@id":"https:\/\/www.ensemblecastor.com\/en\/#website"},"primaryImageOfPage":{"@id":"https:\/\/www.ensemblecastor.com\/en\/arsconcordia\/#primaryimage"},"image":{"@id":"https:\/\/www.ensemblecastor.com\/arsconcordia\/#primaryimage"},"thumbnailUrl":"https:\/\/www.ensemblecastor.com\/wp-content\/uploads\/2024\/07\/arsConcordia_logo_whiteMargine_RGB.svg","datePublished":"2021-12-29T09:43:59+00:00","dateModified":"2024-12-25T09:37:08+00:00","description":"Ars Concordia - das neue Festival f\u00fcr Barock und Literatur. Konzerte mit internationalen Musikern. Meisterklassen f\u00fcr alte Musik.","breadcrumb":{"@id":"https:\/\/www.ensemblecastor.com\/en\/arsconcordia\/#breadcrumb"},"inLanguage":"en-US","potentialAction":[{"@type":"ReadAction","target":[["https:\/\/www.ensemblecastor.com\/en\/arsconcordia\/"]]}]},{"@type":"ImageObject","inLanguage":"en-US","@id":"https:\/\/www.ensemblecastor.com\/en\/arsconcordia\/#primaryimage","url":"https:\/\/www.ensemblecastor.com\/wp-content\/uploads\/2024\/07\/arsConcordia_logo_whiteMargine_RGB.svg","contentUrl":"https:\/\/www.ensemblecastor.com\/wp-content\/uploads\/2024\/07\/arsConcordia_logo_whiteMargine_RGB.svg"},{"@type":"BreadcrumbList","@id":"https:\/\/www.ensemblecastor.com\/en\/arsconcordia\/#breadcrumb","itemListElement":[{"@type":"ListItem","position":1,"name":"Startseite","item":"https:\/\/www.ensemblecastor.com\/en\/"},{"@type":"ListItem","position":2,"name":"Ars Concordia"}]},{"@type":"WebSite","@id":"https:\/\/www.ensemblecastor.com\/en\/#website","url":"https:\/\/www.ensemblecastor.com\/en\/","name":"Ensemble Castor","description":"","potentialAction":[{"@type":"SearchAction","target":{"@type":"EntryPoint","urlTemplate":"https:\/\/www.ensemblecastor.com\/en\/?s={search_term_string}"},"query-input":{"@type":"PropertyValueSpecification","valueRequired":true,"valueName":"search_term_string"}}],"inLanguage":"en-US"}]}},"jetpack_sharing_enabled":true,"_links":{"self":[{"href":"https:\/\/www.ensemblecastor.com\/en\/wp-json\/wp\/v2\/pages\/1735","targetHints":{"allow":["GET"]}}],"collection":[{"href":"https:\/\/www.ensemblecastor.com\/en\/wp-json\/wp\/v2\/pages"}],"about":[{"href":"https:\/\/www.ensemblecastor.com\/en\/wp-json\/wp\/v2\/types\/page"}],"author":[{"embeddable":true,"href":"https:\/\/www.ensemblecastor.com\/en\/wp-json\/wp\/v2\/users\/1"}],"replies":[{"embeddable":true,"href":"https:\/\/www.ensemblecastor.com\/en\/wp-json\/wp\/v2\/comments?post=1735"}],"version-history":[{"count":385,"href":"https:\/\/www.ensemblecastor.com\/en\/wp-json\/wp\/v2\/pages\/1735\/revisions"}],"predecessor-version":[{"id":2592,"href":"https:\/\/www.ensemblecastor.com\/en\/wp-json\/wp\/v2\/pages\/1735\/revisions\/2592"}],"wp:featuredmedia":[{"embeddable":true,"href":"https:\/\/www.ensemblecastor.com\/en\/wp-json\/wp\/v2\/media\/2503"}],"wp:attachment":[{"href":"https:\/\/www.ensemblecastor.com\/en\/wp-json\/wp\/v2\/media?parent=1735"}],"curies":[{"name":"wp","href":"https:\/\/api.w.org\/{rel}","templated":true}]}}